{"id":141,"date":"2022-05-18T10:38:57","date_gmt":"2022-05-18T08:38:57","guid":{"rendered":"https:\/\/www.hoteldoncesar.com\/offres-et-forfaits\/"},"modified":"2022-06-11T21:12:45","modified_gmt":"2022-06-11T19:12:45","slug":"offers-and-packages","status":"publish","type":"page","link":"https:\/\/www.hoteldoncesar.com\/en\/offres-et-forfaits\/","title":{"rendered":"Offers and packages"},"content":{"rendered":"\t\t<div data-elementor-type=\"wp-page\" data-elementor-id=\"141\" class=\"elementor elementor-141\" data-elementor-post-type=\"page\">\n\t\t\t\t\t\t<section class=\"ob-is-breaking-bad elementor-section elementor-top-section elementor-element elementor-element-e7ea2a2 elementor-section-full_width elementor-section-height-min-height elementor-section-items-bottom elementor-section-height-default\" data-id=\"e7ea2a2\" data-element_type=\"section\" data-e-type=\"section\" data-settings=\"{&quot;background_background&quot;:&quot;classic&quot;,&quot;_ob_bbad_use_it&quot;:&quot;yes&quot;,&quot;_ob_bbad_sssic_use&quot;:&quot;no&quot;,&quot;_ob_glider_is_slider&quot;:&quot;no&quot;}\">\n\t\t\t\t\t\t\t<div class=\"elementor-background-overlay\"><\/div>\n\t\t\t\t\t\t\t<div class=\"elementor-container elementor-column-gap-default\">\n\t\t\t\t\t<div class=\"elementor-column elementor-col-100 elementor-top-column elementor-element elementor-element-55177ed elementor-invisible\" data-id=\"55177ed\" data-element_type=\"column\" data-e-type=\"column\" data-settings=\"{&quot;animation&quot;:&quot;fadeInUp&quot;,&quot;animation_delay&quot;:200,&quot;_ob_bbad_is_stalker&quot;:&quot;no&quot;,&quot;_ob_teleporter_use&quot;:false,&quot;_ob_column_hoveranimator&quot;:&quot;no&quot;,&quot;_ob_column_has_pseudo&quot;:&quot;no&quot;}\">\n\t\t\t<div class=\"elementor-widget-wrap elementor-element-populated\">\n\t\t\t\t\t\t<div class=\"elementor-element elementor-element-616d0ba showpopup ob-harakiri-inherit ob-has-background-overlay elementor-widget elementor-widget-heading\" data-id=\"616d0ba\" data-element_type=\"widget\" data-e-type=\"widget\" data-settings=\"{&quot;_animation&quot;:&quot;none&quot;,&quot;_animation_delay&quot;:200,&quot;_ob_use_harakiri&quot;:&quot;yes&quot;,&quot;_ob_harakiri_writing_mode&quot;:&quot;inherit&quot;,&quot;_ob_harakiri_text_clip&quot;:&quot;none&quot;,&quot;_ob_perspektive_use&quot;:&quot;no&quot;,&quot;_ob_poopart_use&quot;:&quot;yes&quot;,&quot;_ob_shadough_use&quot;:&quot;no&quot;,&quot;_ob_allow_hoveranimator&quot;:&quot;no&quot;,&quot;_ob_widget_stalker_use&quot;:&quot;no&quot;}\" data-widget_type=\"heading.default\">\n\t\t\t\t<div class=\"elementor-widget-container\">\n\t\t\t\t\t<h1 class=\"elementor-heading-title elementor-size-default\">Offres et forfaits<\/h1>\t\t\t\t<\/div>\n\t\t\t\t<\/div>\n\t\t\t\t<div class=\"elementor-element elementor-element-c75931e e-transform elementor-widget-divider--view-line ob-has-background-overlay elementor-widget elementor-widget-divider\" data-id=\"c75931e\" data-element_type=\"widget\" data-e-type=\"widget\" data-settings=\"{&quot;_transform_rotateZ_effect&quot;:{&quot;unit&quot;:&quot;px&quot;,&quot;size&quot;:-90,&quot;sizes&quot;:[]},&quot;_ob_perspektive_use&quot;:&quot;no&quot;,&quot;_transform_rotateZ_effect_tablet&quot;:{&quot;unit&quot;:&quot;deg&quot;,&quot;size&quot;:&quot;&quot;,&quot;sizes&quot;:[]},&quot;_transform_rotateZ_effect_mobile&quot;:{&quot;unit&quot;:&quot;deg&quot;,&quot;size&quot;:&quot;&quot;,&quot;sizes&quot;:[]},&quot;_ob_poopart_use&quot;:&quot;yes&quot;,&quot;_ob_shadough_use&quot;:&quot;no&quot;,&quot;_ob_allow_hoveranimator&quot;:&quot;no&quot;,&quot;_ob_widget_stalker_use&quot;:&quot;no&quot;}\" data-widget_type=\"divider.default\">\n\t\t\t\t<div class=\"elementor-widget-container\">\n\t\t\t\t\t\t\t<div class=\"elementor-divider\">\n\t\t\t<span class=\"elementor-divider-separator\">\n\t\t\t\t\t\t<\/span>\n\t\t<\/div>\n\t\t\t\t\t\t<\/div>\n\t\t\t\t<\/div>\n\t\t\t\t\t<\/div>\n\t\t<\/div>\n\t\t\t\t\t<\/div>\n\t\t<\/section>\n\t\t\t\t<section class=\"ob-is-breaking-bad elementor-section elementor-top-section elementor-element elementor-element-695f43f elementor-reverse-mobile elementor-section-boxed elementor-section-height-default elementor-section-height-default\" data-id=\"695f43f\" data-element_type=\"section\" data-e-type=\"section\" data-settings=\"{&quot;background_background&quot;:&quot;classic&quot;,&quot;_ob_bbad_use_it&quot;:&quot;yes&quot;,&quot;_ob_bbad_sssic_use&quot;:&quot;no&quot;,&quot;_ob_glider_is_slider&quot;:&quot;no&quot;}\">\n\t\t\t\t\t\t\t<div class=\"elementor-background-overlay\"><\/div>\n\t\t\t\t\t\t\t<div class=\"elementor-container elementor-column-gap-default\">\n\t\t\t\t\t<div class=\"elementor-column elementor-col-100 elementor-top-column elementor-element elementor-element-a3f1f54\" data-id=\"a3f1f54\" data-element_type=\"column\" data-e-type=\"column\" data-settings=\"{&quot;_ob_bbad_is_stalker&quot;:&quot;no&quot;,&quot;_ob_teleporter_use&quot;:false,&quot;_ob_column_hoveranimator&quot;:&quot;no&quot;,&quot;_ob_column_has_pseudo&quot;:&quot;no&quot;}\">\n\t\t\t<div class=\"elementor-widget-wrap elementor-element-populated\">\n\t\t\t\t\t\t<div class=\"elementor-element elementor-element-a4f31cd ob-harakiri-inherit elementor-invisible ob-has-background-overlay elementor-widget elementor-widget-heading\" data-id=\"a4f31cd\" data-element_type=\"widget\" data-e-type=\"widget\" data-settings=\"{&quot;_animation&quot;:&quot;fadeIn&quot;,&quot;_ob_use_harakiri&quot;:&quot;yes&quot;,&quot;_ob_harakiri_writing_mode&quot;:&quot;inherit&quot;,&quot;_ob_harakiri_text_clip&quot;:&quot;none&quot;,&quot;_ob_perspektive_use&quot;:&quot;no&quot;,&quot;_ob_poopart_use&quot;:&quot;yes&quot;,&quot;_ob_shadough_use&quot;:&quot;no&quot;,&quot;_ob_allow_hoveranimator&quot;:&quot;no&quot;,&quot;_ob_widget_stalker_use&quot;:&quot;no&quot;}\" data-widget_type=\"heading.default\">\n\t\t\t\t<div class=\"elementor-widget-container\">\n\t\t\t\t\t<h2 class=\"elementor-heading-title elementor-size-default\">Offres privil\u00e8ges du Don C\u00e9sar<\/h2>\t\t\t\t<\/div>\n\t\t\t\t<\/div>\n\t\t\t\t<section class=\"ob-is-breaking-bad ob-bb-inner elementor-section elementor-inner-section elementor-element elementor-element-f27edc0 elementor-section-boxed elementor-section-height-default elementor-section-height-default\" data-id=\"f27edc0\" data-element_type=\"section\" data-e-type=\"section\" data-settings=\"{&quot;_ob_bbad_use_it&quot;:&quot;yes&quot;,&quot;_ob_bbad_sssic_use&quot;:&quot;no&quot;,&quot;_ob_glider_is_slider&quot;:&quot;no&quot;}\">\n\t\t\t\t\t\t<div class=\"elementor-container elementor-column-gap-default\">\n\t\t\t\t\t<div class=\"elementor-column elementor-col-100 elementor-inner-column elementor-element elementor-element-0b37489\" data-id=\"0b37489\" data-element_type=\"column\" data-e-type=\"column\" data-settings=\"{&quot;_ob_bbad_is_stalker&quot;:&quot;no&quot;,&quot;_ob_teleporter_use&quot;:false,&quot;_ob_column_hoveranimator&quot;:&quot;no&quot;,&quot;_ob_column_has_pseudo&quot;:&quot;no&quot;}\">\n\t\t\t<div class=\"elementor-widget-wrap elementor-element-populated\">\n\t\t\t\t\t\t<div class=\"elementor-element elementor-element-5db1ace ob-harakiri-inherit ob-has-background-overlay elementor-widget elementor-widget-text-editor\" data-id=\"5db1ace\" data-element_type=\"widget\" data-e-type=\"widget\" data-settings=\"{&quot;_ob_use_harakiri&quot;:&quot;yes&quot;,&quot;_ob_harakiri_writing_mode&quot;:&quot;inherit&quot;,&quot;_ob_postman_use&quot;:&quot;no&quot;,&quot;_ob_perspektive_use&quot;:&quot;no&quot;,&quot;_ob_poopart_use&quot;:&quot;yes&quot;,&quot;_ob_shadough_use&quot;:&quot;no&quot;,&quot;_ob_allow_hoveranimator&quot;:&quot;no&quot;,&quot;_ob_widget_stalker_use&quot;:&quot;no&quot;}\" data-widget_type=\"text-editor.default\">\n\t\t\t\t<div class=\"elementor-widget-container\">\n\t\t\t\t\t\t\t\t\tD\u00e9couvrez \u00ab les Escapades de l\u2019H\u00f4tel Don C\u00e9sar \u00bb, h\u00f4tel 5 \u00e9toiles en bord mer, au c\u0153ur du Golfe de Porto-Vecchio. Toutes nos offres sont non modifiables et non remboursables en cas d&rsquo;annulation. Le paiement int\u00e9gral est demand\u00e9 d\u00e8s la r\u00e9servation.\t\t\t\t\t\t\t\t<\/div>\n\t\t\t\t<\/div>\n\t\t\t\t\t<\/div>\n\t\t<\/div>\n\t\t\t\t\t<\/div>\n\t\t<\/section>\n\t\t\t\t<section class=\"ob-is-breaking-bad ob-bb-inner elementor-section elementor-inner-section elementor-element elementor-element-017e1e8 elementor-section-boxed elementor-section-height-default elementor-section-height-default elementor-invisible\" data-id=\"017e1e8\" data-element_type=\"section\" data-e-type=\"section\" data-settings=\"{&quot;animation&quot;:&quot;fadeIn&quot;,&quot;animation_delay&quot;:300,&quot;_ob_bbad_use_it&quot;:&quot;yes&quot;,&quot;_ob_bbad_sssic_use&quot;:&quot;no&quot;,&quot;_ob_glider_is_slider&quot;:&quot;no&quot;}\">\n\t\t\t\t\t\t<div class=\"elementor-container elementor-column-gap-default\">\n\t\t\t\t\t<div class=\"elementor-column elementor-col-100 elementor-inner-column elementor-element elementor-element-0ea4a9d\" data-id=\"0ea4a9d\" data-element_type=\"column\" data-e-type=\"column\" data-settings=\"{&quot;_ob_bbad_is_stalker&quot;:&quot;no&quot;,&quot;_ob_teleporter_use&quot;:false,&quot;_ob_column_hoveranimator&quot;:&quot;no&quot;,&quot;_ob_column_has_pseudo&quot;:&quot;no&quot;}\">\n\t\t\t<div class=\"elementor-widget-wrap elementor-element-populated\">\n\t\t\t\t\t\t<div class=\"elementor-element elementor-element-3ee6bce elementor-grid-1 elementor-grid-tablet-1 elementor-pagination-type-bullets elementor-grid-mobile-1 elementor-arrows-position-inside ob-has-background-overlay elementor-widget elementor-widget-offers-list\" data-id=\"3ee6bce\" data-element_type=\"widget\" data-e-type=\"widget\" data-settings=\"{&quot;element_skin&quot;:&quot;card&quot;,&quot;cards_columns&quot;:&quot;1&quot;,&quot;cards_columns_tablet&quot;:&quot;1&quot;,&quot;row_gap&quot;:{&quot;unit&quot;:&quot;px&quot;,&quot;size&quot;:34,&quot;sizes&quot;:[]},&quot;space_between&quot;:{&quot;unit&quot;:&quot;px&quot;,&quot;size&quot;:10,&quot;sizes&quot;:[]},&quot;space_between_tablet&quot;:{&quot;unit&quot;:&quot;px&quot;,&quot;size&quot;:10,&quot;sizes&quot;:[]},&quot;space_between_mobile&quot;:{&quot;unit&quot;:&quot;px&quot;,&quot;size&quot;:10,&quot;sizes&quot;:[]},&quot;effect&quot;:&quot;slide&quot;,&quot;autoplay&quot;:&quot;no&quot;,&quot;swiper_arrows&quot;:&quot;yes&quot;,&quot;chevrons_visible&quot;:&quot;hover&quot;,&quot;cursor_grab&quot;:&quot;yes&quot;,&quot;carousel_first_only&quot;:&quot;no&quot;,&quot;infinite&quot;:&quot;yes&quot;,&quot;pagination&quot;:&quot;bullets&quot;,&quot;categories_filter&quot;:[&quot;*&quot;],&quot;item_ignore_filter&quot;:[],&quot;validity_date_format&quot;:&quot;long&quot;,&quot;cards_columns_mobile&quot;:&quot;1&quot;,&quot;_ob_perspektive_use&quot;:&quot;no&quot;,&quot;_ob_poopart_use&quot;:&quot;yes&quot;,&quot;_ob_shadough_use&quot;:&quot;no&quot;,&quot;_ob_allow_hoveranimator&quot;:&quot;no&quot;,&quot;_ob_widget_stalker_use&quot;:&quot;no&quot;}\" data-widget_type=\"offers-list.default\">\n\t\t\t\t<div class=\"elementor-widget-container\">\n\t\t\t\t\t                        <div class=\"eliophot-offers eliophot-offers__wrapper eliophot-base-list elementor-grid\">\n                    <input type=\"hidden\" class=\"api_id\" value=\"\">\n                            <div\n                class=\"eliophot-offer__container eliophot-base-list__container elementor-grid-item   eliophot-offer__skin-card eliophot-offer_ID_6013 \"\n                data-category=\"\"\n                data-title = \"Escapade Bien-entre\"\n                data-name = \"escapade-bien-entre\"\n        >\n                    <div class=\"eliophot-carousel__slider elementor-swiper\">\n            <div class=\"eliophot-carousel-wrapper elementor-main-swiper swiper\">\n                <div class=\"elementor-image-carousel swiper-wrapper swiper-image-stretch\">\n                    <!-- Slides -->\n                    <div class=\"swiper-slide\">\n                        <div class=\"elementor-carousel-image slide-featured-image\" style=\"background-image: url('https:\/\/www.hoteldoncesar.com\/wp-content\/uploads\/2022\/05\/P2-massage-californien_NUXE_SPA_22_192-scaled.jpg');\"><\/div>\n                        <link itemprop=\"image\" href=\"https:\/\/www.hoteldoncesar.com\/wp-content\/uploads\/2022\/05\/P2-massage-californien_NUXE_SPA_22_192-scaled.jpg\" \/>\n                    <\/div>\n                <\/div>\n            <\/div>\n        <\/div>\n                    <div class=\"eliophot-offer__body\">\n                        <!-- TODO: if page link enabled -->\n        <h3 class=\"eliophot-offer__title\">\n            <span class=\"title_before\"><\/span>\n            <a  href=\"https:\/\/www.hoteldoncesar.com\/en\/core_special_offers\/escapade-bien-entre\/\">\n                            Escapade Bien-entre            <\/a>\n        <\/h3>\n                    <\/div>\n\n            \n        <div class=\"eliophot-offer__cta\" itemprop=\"offers\" itemscope itemtype=\"https:\/\/schema.org\/Offer\">\n            <div class=\"eliophot-offer__cta_container\">\n                                    <input type=\"hidden\" name=\"id_offer\" value=\"6013\"\/>\n                    <div class=\"eliophot-offer__cta_title\" itemprop=\"priceSpecification\" itemscope itemtype=\"https:\/\/schema.org\/UnitPriceSpecification\">\n                                            <\/div>\n\n                                <div class=\"eliophot-offer__cta_buttons\">\n                \n                                            <a href=\"https:\/\/www.hoteldoncesar.com\/en\/core_special_offers\/escapade-bien-entre\/\" class=\"eliophot-offer__cta_button eliophot-offer__cta_button_second elementor-button-link elementor-button elementor-size-sm \">\n                            Voir l&#039;offre                        <\/a>\n                                    <\/div>\n            <\/div>\n        <\/div>\n                            <\/div>\n                        <\/div>\n\n                \t\t\t\t<\/div>\n\t\t\t\t<\/div>\n\t\t\t\t\t<\/div>\n\t\t<\/div>\n\t\t\t\t\t<\/div>\n\t\t<\/section>\n\t\t\t\t\t<\/div>\n\t\t<\/div>\n\t\t\t\t\t<\/div>\n\t\t<\/section>\n\t\t\t\t<\/div>\n\t\t","protected":false},"excerpt":{"rendered":"<p>Offers and packages Special offers from the Don C\u00e9sar Discover \"Les Escapades de l'H\u00f4tel Don C\u00e9sar\", a 5-star hotel by the sea, in the heart of the Gulf of Porto-Vecchio. All our offers are non-changeable and non-refundable in the event of cancellation. Full payment is required on booking. Well-being getaway See the offer<\/p>","protected":false},"author":6,"featured_media":0,"parent":0,"menu_order":13,"comment_status":"closed","ping_status":"closed","template":"","meta":{"inline_featured_image":false,"footnotes":""},"class_list":["post-141","page","type-page","status-publish","hentry"],"_links":{"self":[{"href":"https:\/\/www.hoteldoncesar.com\/en\/wp-json\/wp\/v2\/pages\/141","targetHints":{"allow":["GET"]}}],"collection":[{"href":"https:\/\/www.hoteldoncesar.com\/en\/wp-json\/wp\/v2\/pages"}],"about":[{"href":"https:\/\/www.hoteldoncesar.com\/en\/wp-json\/wp\/v2\/types\/page"}],"author":[{"embeddable":true,"href":"https:\/\/www.hoteldoncesar.com\/en\/wp-json\/wp\/v2\/users\/6"}],"replies":[{"embeddable":true,"href":"https:\/\/www.hoteldoncesar.com\/en\/wp-json\/wp\/v2\/comments?post=141"}],"version-history":[{"count":34,"href":"https:\/\/www.hoteldoncesar.com\/en\/wp-json\/wp\/v2\/pages\/141\/revisions"}],"predecessor-version":[{"id":4160,"href":"https:\/\/www.hoteldoncesar.com\/en\/wp-json\/wp\/v2\/pages\/141\/revisions\/4160"}],"wp:attachment":[{"href":"https:\/\/www.hoteldoncesar.com\/en\/wp-json\/wp\/v2\/media?parent=141"}],"curies":[{"name":"wp","href":"https:\/\/api.w.org\/{rel}","templated":true}]}}